{"id":3869,"date":"2021-02-24T14:36:15","date_gmt":"2021-02-24T14:36:15","guid":{"rendered":"https:\/\/www.djclegal.com\/?page_id=3869"},"modified":"2022-10-05T07:46:08","modified_gmt":"2022-10-05T12:46:08","slug":"our-resources","status":"publish","type":"page","link":"https:\/\/www.djclegal.com\/en\/our-resources\/","title":{"rendered":"Our resources"},"content":{"rendered":"\t\t<div data-elementor-type=\"wp-page\" data-elementor-id=\"3869\" class=\"elementor elementor-3869 elementor-2508\">\n\t\t\t\t\t\t<div class=\"elementor-inner\">\n\t\t\t\t<div class=\"elementor-section-wrap\">\n\t\t\t\t\t\t\t\t\t<section class=\"elementor-section elementor-top-section elementor-element elementor-element-0d0312f elementor-section-height-min-height elementor-section-boxed elementor-section-height-default elementor-section-items-middle\" data-id=\"0d0312f\" data-element_type=\"section\" data-settings=\"{&quot;jet_parallax_layout_list&quot;:[{&quot;jet_parallax_layout_image&quot;:{&quot;url&quot;:&quot;&quot;,&quot;id&quot;:&quot;&quot;,&quot;size&quot;:&quot;&quot;},&quot;_id&quot;:&quot;01af6c1&quot;,&quot;jet_parallax_layout_image_tablet&quot;:{&quot;url&quot;:&quot;&quot;,&quot;id&quot;:&quot;&quot;,&quot;size&quot;:&quot;&quot;},&quot;jet_parallax_layout_image_mobile&quot;:{&quot;url&quot;:&quot;&quot;,&quot;id&quot;:&quot;&quot;,&quot;size&quot;:&quot;&quot;},&quot;jet_parallax_layout_speed&quot;:{&quot;unit&quot;:&quot;%&quot;,&quot;size&quot;:50,&quot;sizes&quot;:[]},&quot;jet_parallax_layout_type&quot;:&quot;scroll&quot;,&quot;jet_parallax_layout_direction&quot;:null,&quot;jet_parallax_layout_fx_direction&quot;:null,&quot;jet_parallax_layout_z_index&quot;:&quot;&quot;,&quot;jet_parallax_layout_bg_x&quot;:50,&quot;jet_parallax_layout_bg_x_tablet&quot;:&quot;&quot;,&quot;jet_parallax_layout_bg_x_mobile&quot;:&quot;&quot;,&quot;jet_parallax_layout_bg_y&quot;:50,&quot;jet_parallax_layout_bg_y_tablet&quot;:&quot;&quot;,&quot;jet_parallax_layout_bg_y_mobile&quot;:&quot;&quot;,&quot;jet_parallax_layout_bg_size&quot;:&quot;auto&quot;,&quot;jet_parallax_layout_bg_size_tablet&quot;:&quot;&quot;,&quot;jet_parallax_layout_bg_size_mobile&quot;:&quot;&quot;,&quot;jet_parallax_layout_animation_prop&quot;:&quot;transform&quot;,&quot;jet_parallax_layout_on&quot;:[&quot;desktop&quot;,&quot;tablet&quot;]}],&quot;background_background&quot;:&quot;classic&quot;}\">\n\t\t\t\t\t\t\t<div class=\"elementor-background-overlay\"><\/div>\n\t\t\t\t\t\t\t<div class=\"elementor-container elementor-column-gap-default\">\n\t\t\t\t\t\t\t<div class=\"elementor-row\">\n\t\t\t\t\t<div class=\"elementor-column elementor-col-100 elementor-top-column elementor-element elementor-element-e6402b4\" data-id=\"e6402b4\" data-element_type=\"column\">\n\t\t\t<div class=\"elementor-column-wrap elementor-element-populated\">\n\t\t\t\t\t\t\t<div class=\"elementor-widget-wrap\">\n\t\t\t\t\t\t<div class=\"elementor-element elementor-element-b909f6a elementor-widget elementor-widget-heading\" data-id=\"b909f6a\" data-element_type=\"widget\" data-widget_type=\"heading.default\">\n\t\t\t\t<div class=\"elementor-widget-container\">\n\t\t\t<h1 class=\"elementor-heading-title elementor-size-default\">Our resources<\/h1>\t\t<\/div>\n\t\t\t\t<\/div>\n\t\t\t\t\t\t<\/div>\n\t\t\t\t\t<\/div>\n\t\t<\/div>\n\t\t\t\t\t\t\t\t<\/div>\n\t\t\t\t\t<\/div>\n\t\t<\/section>\n\t\t\t\t<section class=\"elementor-section elementor-top-section elementor-element elementor-element-6ca28bd pv100 elementor-section-boxed elementor-section-height-default elementor-section-height-default\" data-id=\"6ca28bd\" data-element_type=\"section\" data-settings=\"{&quot;jet_parallax_layout_list&quot;:[{&quot;jet_parallax_layout_image&quot;:{&quot;url&quot;:&quot;&quot;,&quot;id&quot;:&quot;&quot;,&quot;size&quot;:&quot;&quot;},&quot;_id&quot;:&quot;5e7369b&quot;,&quot;jet_parallax_layout_image_tablet&quot;:{&quot;url&quot;:&quot;&quot;,&quot;id&quot;:&quot;&quot;,&quot;size&quot;:&quot;&quot;},&quot;jet_parallax_layout_image_mobile&quot;:{&quot;url&quot;:&quot;&quot;,&quot;id&quot;:&quot;&quot;,&quot;size&quot;:&quot;&quot;},&quot;jet_parallax_layout_speed&quot;:{&quot;unit&quot;:&quot;%&quot;,&quot;size&quot;:50,&quot;sizes&quot;:[]},&quot;jet_parallax_layout_type&quot;:&quot;scroll&quot;,&quot;jet_parallax_layout_direction&quot;:null,&quot;jet_parallax_layout_fx_direction&quot;:null,&quot;jet_parallax_layout_z_index&quot;:&quot;&quot;,&quot;jet_parallax_layout_bg_x&quot;:50,&quot;jet_parallax_layout_bg_x_tablet&quot;:&quot;&quot;,&quot;jet_parallax_layout_bg_x_mobile&quot;:&quot;&quot;,&quot;jet_parallax_layout_bg_y&quot;:50,&quot;jet_parallax_layout_bg_y_tablet&quot;:&quot;&quot;,&quot;jet_parallax_layout_bg_y_mobile&quot;:&quot;&quot;,&quot;jet_parallax_layout_bg_size&quot;:&quot;auto&quot;,&quot;jet_parallax_layout_bg_size_tablet&quot;:&quot;&quot;,&quot;jet_parallax_layout_bg_size_mobile&quot;:&quot;&quot;,&quot;jet_parallax_layout_animation_prop&quot;:&quot;transform&quot;,&quot;jet_parallax_layout_on&quot;:[&quot;desktop&quot;,&quot;tablet&quot;]}],&quot;background_background&quot;:&quot;classic&quot;}\">\n\t\t\t\t\t\t<div class=\"elementor-container elementor-column-gap-default\">\n\t\t\t\t\t\t\t<div class=\"elementor-row\">\n\t\t\t\t\t<div class=\"elementor-column elementor-col-50 elementor-top-column elementor-element elementor-element-1969a45\" data-id=\"1969a45\" data-element_type=\"column\">\n\t\t\t<div class=\"elementor-column-wrap elementor-element-populated\">\n\t\t\t\t\t\t\t<div class=\"elementor-widget-wrap\">\n\t\t\t\t\t\t<div class=\"elementor-element elementor-element-dba9cc0 elementor-widget elementor-widget-jet-animated-box\" data-id=\"dba9cc0\" data-element_type=\"widget\" data-widget_type=\"jet-animated-box.default\">\n\t\t\t\t<div class=\"elementor-widget-container\">\n\t\t\t<div class=\"elementor-jet-animated-box jet-elements\"><div id=\"jet-animated-box-dba9cc0\" class=\"jet-animated-box jet-box-effect-17\" data-settings='{\"widgetId\":\"dba9cc0\",\"switchEventType\":\"hover\",\"paperFoldDirection\":\"left\",\"slideOutDirection\":\"left\",\"peelCornerPosition\":\"right\"}'>\n\t<div id=\"jet-animated-box__front-dba9cc0\" class=\"jet-animated-box__front\">\n\t\t<div class=\"jet-animated-box__inner\"><div class=\"jet-animated-box__icon jet-animated-box__icon--front\"><div class=\"jet-animated-box-icon-inner\"><span class=\"jet-elements-icon\"><i aria-hidden=\"true\" class=\"far fa-camcorder\"><\/i><\/span><\/div><\/div><div class=\"jet-animated-box__content\"><h3 class=\"jet-animated-box__title jet-animated-box__title--front\">News<\/h3><\/div><\/div>\n\t\t<div class=\"jet-animated-box__overlay\"><\/div><\/div>\n\t<div id=\"jet-animated-box__back-dba9cc0\" class=\"jet-animated-box__back\">\n\t\t<div class=\"jet-animated-box__inner\"><div class=\"jet-animated-box__icon jet-animated-box__icon--back\"><div class=\"jet-animated-box-icon-inner\"><span class=\"jet-elements-icon\"><i aria-hidden=\"true\" class=\"far fa-camcorder\"><\/i><\/span><\/div><\/div><div class=\"jet-animated-box__content\"><h3 class=\"jet-animated-box__title jet-animated-box__title--back\">News<\/h3><p class=\"jet-animated-box__description jet-animated-box__description--back\">Pour visionner les \u00ab ABC de l\u2019administrateur \u00bb offertes pr\u00e9c\u00e9demment<\/p><a class=\"elementor-button elementor-size-md jet-animated-box__button jet-animated-box__button--back jet-animated-box__button--icon-after\" href=\"https:\/\/www.djclegal.com\/en\/news\/\"><span class=\"jet-animated-box__button-text\">Learn more<\/span><span class=\"jet-animated-box__button-icon jet-elements-icon\"><i aria-hidden=\"true\" class=\"far fa-long-arrow-right\"><\/i><\/span><\/a>\n\n<\/div><\/div>\n\t\t<div class=\"jet-animated-box__overlay\"><\/div><\/div>\n<\/div>\n<\/div>\t\t<\/div>\n\t\t\t\t<\/div>\n\t\t\t\t\t\t<\/div>\n\t\t\t\t\t<\/div>\n\t\t<\/div>\n\t\t\t\t<div class=\"elementor-column elementor-col-50 elementor-top-column elementor-element elementor-element-19ca8ec\" data-id=\"19ca8ec\" data-element_type=\"column\">\n\t\t\t<div class=\"elementor-column-wrap elementor-element-populated\">\n\t\t\t\t\t\t\t<div class=\"elementor-widget-wrap\">\n\t\t\t\t\t\t<div class=\"elementor-element elementor-element-b3fa033 elementor-widget elementor-widget-jet-animated-box\" data-id=\"b3fa033\" data-element_type=\"widget\" data-widget_type=\"jet-animated-box.default\">\n\t\t\t\t<div class=\"elementor-widget-container\">\n\t\t\t<div class=\"elementor-jet-animated-box jet-elements\"><div id=\"jet-animated-box-b3fa033\" class=\"jet-animated-box jet-box-effect-17\" data-settings='{\"widgetId\":\"b3fa033\",\"switchEventType\":\"hover\",\"paperFoldDirection\":\"left\",\"slideOutDirection\":\"left\",\"peelCornerPosition\":\"right\"}'>\n\t<div id=\"jet-animated-box__front-b3fa033\" class=\"jet-animated-box__front\">\n\t\t<div class=\"jet-animated-box__inner\"><div class=\"jet-animated-box__icon jet-animated-box__icon--front\"><div class=\"jet-animated-box-icon-inner\"><span class=\"jet-elements-icon\"><i aria-hidden=\"true\" class=\"far fa-camcorder\"><\/i><\/span><\/div><\/div><div class=\"jet-animated-box__content\"><h3 class=\"jet-animated-box__title jet-animated-box__title--front\">Toolkit<\/h3><\/div><\/div>\n\t\t<div class=\"jet-animated-box__overlay\"><\/div><\/div>\n\t<div id=\"jet-animated-box__back-b3fa033\" class=\"jet-animated-box__back\">\n\t\t<div class=\"jet-animated-box__inner\"><div class=\"jet-animated-box__icon jet-animated-box__icon--back\"><div class=\"jet-animated-box-icon-inner\"><span class=\"jet-elements-icon\"><i aria-hidden=\"true\" class=\"far fa-camcorder\"><\/i><\/span><\/div><\/div><div class=\"jet-animated-box__content\"><h3 class=\"jet-animated-box__title jet-animated-box__title--back\">Toolkit<\/h3><p class=\"jet-animated-box__description jet-animated-box__description--back\">Pour visionner les \u00ab ABC de l\u2019administrateur \u00bb offertes pr\u00e9c\u00e9demment<\/p><a class=\"elementor-button elementor-size-md jet-animated-box__button jet-animated-box__button--back jet-animated-box__button--icon-after\" href=\"https:\/\/www.djclegal.com\/en\/toolkit\/\"><span class=\"jet-animated-box__button-text\">Learn more<\/span><span class=\"jet-animated-box__button-icon jet-elements-icon\"><i aria-hidden=\"true\" class=\"far fa-long-arrow-right\"><\/i><\/span><\/a>\n\n<\/div><\/div>\n\t\t<div class=\"jet-animated-box__overlay\"><\/div><\/div>\n<\/div>\n<\/div>\t\t<\/div>\n\t\t\t\t<\/div>\n\t\t\t\t\t\t<\/div>\n\t\t\t\t\t<\/div>\n\t\t<\/div>\n\t\t\t\t\t\t\t\t<\/div>\n\t\t\t\t\t<\/div>\n\t\t<\/section>\n\t\t\t\t<section class=\"elementor-section elementor-top-section elementor-element elementor-element-59c6fd5 pv100 elementor-section-boxed elementor-section-height-default elementor-section-height-default\" data-id=\"59c6fd5\" data-element_type=\"section\" data-settings=\"{&quot;jet_parallax_layout_list&quot;:[{&quot;jet_parallax_layout_image&quot;:{&quot;url&quot;:&quot;&quot;,&quot;id&quot;:&quot;&quot;,&quot;size&quot;:&quot;&quot;},&quot;_id&quot;:&quot;5e7369b&quot;,&quot;jet_parallax_layout_image_tablet&quot;:{&quot;url&quot;:&quot;&quot;,&quot;id&quot;:&quot;&quot;,&quot;size&quot;:&quot;&quot;},&quot;jet_parallax_layout_image_mobile&quot;:{&quot;url&quot;:&quot;&quot;,&quot;id&quot;:&quot;&quot;,&quot;size&quot;:&quot;&quot;},&quot;jet_parallax_layout_speed&quot;:{&quot;unit&quot;:&quot;%&quot;,&quot;size&quot;:50,&quot;sizes&quot;:[]},&quot;jet_parallax_layout_type&quot;:&quot;scroll&quot;,&quot;jet_parallax_layout_direction&quot;:null,&quot;jet_parallax_layout_fx_direction&quot;:null,&quot;jet_parallax_layout_z_index&quot;:&quot;&quot;,&quot;jet_parallax_layout_bg_x&quot;:50,&quot;jet_parallax_layout_bg_x_tablet&quot;:&quot;&quot;,&quot;jet_parallax_layout_bg_x_mobile&quot;:&quot;&quot;,&quot;jet_parallax_layout_bg_y&quot;:50,&quot;jet_parallax_layout_bg_y_tablet&quot;:&quot;&quot;,&quot;jet_parallax_layout_bg_y_mobile&quot;:&quot;&quot;,&quot;jet_parallax_layout_bg_size&quot;:&quot;auto&quot;,&quot;jet_parallax_layout_bg_size_tablet&quot;:&quot;&quot;,&quot;jet_parallax_layout_bg_size_mobile&quot;:&quot;&quot;,&quot;jet_parallax_layout_animation_prop&quot;:&quot;transform&quot;,&quot;jet_parallax_layout_on&quot;:[&quot;desktop&quot;,&quot;tablet&quot;]}],&quot;background_background&quot;:&quot;classic&quot;}\">\n\t\t\t\t\t\t<div class=\"elementor-container elementor-column-gap-default\">\n\t\t\t\t\t\t\t<div class=\"elementor-row\">\n\t\t\t\t\t<div class=\"elementor-column elementor-col-50 elementor-top-column elementor-element elementor-element-d16999f\" data-id=\"d16999f\" data-element_type=\"column\">\n\t\t\t<div class=\"elementor-column-wrap elementor-element-populated\">\n\t\t\t\t\t\t\t<div class=\"elementor-widget-wrap\">\n\t\t\t\t\t\t<div class=\"elementor-element elementor-element-5cfed7a elementor-widget elementor-widget-jet-animated-box\" data-id=\"5cfed7a\" data-element_type=\"widget\" data-widget_type=\"jet-animated-box.default\">\n\t\t\t\t<div class=\"elementor-widget-container\">\n\t\t\t<div class=\"elementor-jet-animated-box jet-elements\"><div id=\"jet-animated-box-5cfed7a\" class=\"jet-animated-box jet-box-effect-17\" data-settings='{\"widgetId\":\"5cfed7a\",\"switchEventType\":\"hover\",\"paperFoldDirection\":\"left\",\"slideOutDirection\":\"left\",\"peelCornerPosition\":\"right\"}'>\n\t<div id=\"jet-animated-box__front-5cfed7a\" class=\"jet-animated-box__front\">\n\t\t<div class=\"jet-animated-box__inner\"><div class=\"jet-animated-box__icon jet-animated-box__icon--front\"><div class=\"jet-animated-box-icon-inner\"><span class=\"jet-elements-icon\"><i aria-hidden=\"true\" class=\"far fa-camcorder\"><\/i><\/span><\/div><\/div><div class=\"jet-animated-box__content\"><h3 class=\"jet-animated-box__title jet-animated-box__title--front\">Civil code of Qu\u00e9bec<\/h3><\/div><\/div>\n\t\t<div class=\"jet-animated-box__overlay\"><\/div><\/div>\n\t<div id=\"jet-animated-box__back-5cfed7a\" class=\"jet-animated-box__back\">\n\t\t<div class=\"jet-animated-box__inner\"><div class=\"jet-animated-box__icon jet-animated-box__icon--back\"><div class=\"jet-animated-box-icon-inner\"><span class=\"jet-elements-icon\"><i aria-hidden=\"true\" class=\"far fa-camcorder\"><\/i><\/span><\/div><\/div><div class=\"jet-animated-box__content\"><h3 class=\"jet-animated-box__title jet-animated-box__title--back\">Civil code of Qu\u00e9bec<\/h3><p class=\"jet-animated-box__description jet-animated-box__description--back\">Pour visionner les \u00ab ABC de l\u2019administrateur \u00bb offertes pr\u00e9c\u00e9demment<\/p><a class=\"elementor-button elementor-size-md jet-animated-box__button jet-animated-box__button--back jet-animated-box__button--icon-after\" href=\"https:\/\/www.djclegal.com\/en\/civil-code-of-quebec\/\"><span class=\"jet-animated-box__button-text\">Learn more<\/span><span class=\"jet-animated-box__button-icon jet-elements-icon\"><i aria-hidden=\"true\" class=\"far fa-long-arrow-right\"><\/i><\/span><\/a>\n\n<\/div><\/div>\n\t\t<div class=\"jet-animated-box__overlay\"><\/div><\/div>\n<\/div>\n<\/div>\t\t<\/div>\n\t\t\t\t<\/div>\n\t\t\t\t\t\t<\/div>\n\t\t\t\t\t<\/div>\n\t\t<\/div>\n\t\t\t\t<div class=\"elementor-column elementor-col-50 elementor-top-column elementor-element elementor-element-eee310c\" data-id=\"eee310c\" data-element_type=\"column\">\n\t\t\t<div class=\"elementor-column-wrap\">\n\t\t\t\t\t\t\t<div class=\"elementor-widget-wrap\">\n\t\t\t\t\t\t\t\t<\/div>\n\t\t\t\t\t<\/div>\n\t\t<\/div>\n\t\t\t\t\t\t\t\t<\/div>\n\t\t\t\t\t<\/div>\n\t\t<\/section>\n\t\t\t\t\t\t\t\t\t<\/div>\n\t\t\t<\/div>\n\t\t\t\t\t<\/div>\n\t\t","protected":false},"excerpt":{"rendered":"<p>Our resources News News Pour visionner les \u00ab ABC de l\u2019administrateur \u00bb offertes pr\u00e9c\u00e9demment Learn more Toolkit Toolkit Pour visionner les \u00ab ABC de l\u2019administrateur \u00bb offertes pr\u00e9c\u00e9demment Learn more Civil code of Qu\u00e9bec Civil code of Qu\u00e9bec Pour visionner les \u00ab ABC de l\u2019administrateur \u00bb offertes pr\u00e9c\u00e9demment Learn more<\/p>\n","protected":false},"author":1,"featured_media":0,"parent":0,"menu_order":16,"comment_status":"closed","ping_status":"closed","template":"elementor_header_footer","meta":[],"acf":[],"yoast_head":"<!-- This site is optimized with the Yoast SEO plugin v20.9 - https:\/\/yoast.com\/wordpress\/plugins\/seo\/ -->\n<title>Our resources - DJC Legal<\/title>\n<meta name=\"robots\" content=\"index, follow, max-snippet:-1, max-image-preview:large, max-video-preview:-1\" \/>\n<link rel=\"canonical\" href=\"https:\/\/www.djclegal.com\/en\/our-resources\/\" \/>\n<meta property=\"og:locale\" content=\"en_US\" \/>\n<meta property=\"og:type\" content=\"article\" \/>\n<meta property=\"og:title\" content=\"Our resources - DJC Legal\" \/>\n<meta property=\"og:description\" content=\"Our resources News News Pour visionner les \u00ab ABC de l\u2019administrateur \u00bb offertes pr\u00e9c\u00e9demment Learn more Toolkit Toolkit Pour visionner les \u00ab ABC de l\u2019administrateur \u00bb offertes pr\u00e9c\u00e9demment Learn more Civil code of Qu\u00e9bec Civil code of Qu\u00e9bec Pour visionner les \u00ab ABC de l\u2019administrateur \u00bb offertes pr\u00e9c\u00e9demment Learn more\" \/>\n<meta property=\"og:url\" content=\"https:\/\/www.djclegal.com\/en\/our-resources\/\" \/>\n<meta property=\"og:site_name\" content=\"DJC Legal\" \/>\n<meta property=\"article:modified_time\" content=\"2022-10-05T12:46:08+00:00\" \/>\n<meta property=\"og:image\" content=\"https:\/\/www.djclegal.com\/wp-content\/uploads\/2022\/03\/DJC_Icone_Couleur.png\" \/>\n\t<meta property=\"og:image:width\" content=\"680\" \/>\n\t<meta property=\"og:image:height\" content=\"681\" \/>\n\t<meta property=\"og:image:type\" content=\"image\/png\" \/>\n<meta name=\"twitter:card\" content=\"summary_large_image\" \/>\n<meta name=\"twitter:label1\" content=\"Est. reading time\" \/>\n\t<meta name=\"twitter:data1\" content=\"1 minute\" \/>\n<script type=\"application\/ld+json\" class=\"yoast-schema-graph\">{\"@context\":\"https:\/\/schema.org\",\"@graph\":[{\"@type\":\"WebPage\",\"@id\":\"https:\/\/www.djclegal.com\/en\/our-resources\/\",\"url\":\"https:\/\/www.djclegal.com\/en\/our-resources\/\",\"name\":\"Our resources - DJC Legal\",\"isPartOf\":{\"@id\":\"https:\/\/www.djclegal.com\/#website\"},\"datePublished\":\"2021-02-24T14:36:15+00:00\",\"dateModified\":\"2022-10-05T12:46:08+00:00\",\"breadcrumb\":{\"@id\":\"https:\/\/www.djclegal.com\/en\/our-resources\/#breadcrumb\"},\"inLanguage\":\"en-US\",\"potentialAction\":[{\"@type\":\"ReadAction\",\"target\":[\"https:\/\/www.djclegal.com\/en\/our-resources\/\"]}]},{\"@type\":\"BreadcrumbList\",\"@id\":\"https:\/\/www.djclegal.com\/en\/our-resources\/#breadcrumb\",\"itemListElement\":[{\"@type\":\"ListItem\",\"position\":1,\"name\":\"Home\",\"item\":\"https:\/\/www.djclegal.com\/en\/\"},{\"@type\":\"ListItem\",\"position\":2,\"name\":\"Our resources\"}]},{\"@type\":\"WebSite\",\"@id\":\"https:\/\/www.djclegal.com\/#website\",\"url\":\"https:\/\/www.djclegal.com\/\",\"name\":\"DJC Legal\",\"description\":\"\",\"publisher\":{\"@id\":\"https:\/\/www.djclegal.com\/#organization\"},\"potentialAction\":[{\"@type\":\"SearchAction\",\"target\":{\"@type\":\"EntryPoint\",\"urlTemplate\":\"https:\/\/www.djclegal.com\/?s={search_term_string}\"},\"query-input\":\"required name=search_term_string\"}],\"inLanguage\":\"en-US\"},{\"@type\":\"Organization\",\"@id\":\"https:\/\/www.djclegal.com\/#organization\",\"name\":\"DJC Legal\",\"url\":\"https:\/\/www.djclegal.com\/\",\"logo\":{\"@type\":\"ImageObject\",\"inLanguage\":\"en-US\",\"@id\":\"https:\/\/www.djclegal.com\/#\/schema\/logo\/image\/\",\"url\":\"https:\/\/www.djclegal.com\/wp-content\/uploads\/2020\/11\/DJC-logo.png\",\"contentUrl\":\"https:\/\/www.djclegal.com\/wp-content\/uploads\/2020\/11\/DJC-logo.png\",\"width\":280,\"height\":140,\"caption\":\"DJC Legal\"},\"image\":{\"@id\":\"https:\/\/www.djclegal.com\/#\/schema\/logo\/image\/\"}}]}<\/script>\n<!-- \/ Yoast SEO plugin. -->","yoast_head_json":{"title":"Our resources - DJC Legal","robots":{"index":"index","follow":"follow","max-snippet":"max-snippet:-1","max-image-preview":"max-image-preview:large","max-video-preview":"max-video-preview:-1"},"canonical":"https:\/\/www.djclegal.com\/en\/our-resources\/","og_locale":"en_US","og_type":"article","og_title":"Our resources - DJC Legal","og_description":"Our resources News News Pour visionner les \u00ab ABC de l\u2019administrateur \u00bb offertes pr\u00e9c\u00e9demment Learn more Toolkit Toolkit Pour visionner les \u00ab ABC de l\u2019administrateur \u00bb offertes pr\u00e9c\u00e9demment Learn more Civil code of Qu\u00e9bec Civil code of Qu\u00e9bec Pour visionner les \u00ab ABC de l\u2019administrateur \u00bb offertes pr\u00e9c\u00e9demment Learn more","og_url":"https:\/\/www.djclegal.com\/en\/our-resources\/","og_site_name":"DJC Legal","article_modified_time":"2022-10-05T12:46:08+00:00","og_image":[{"width":680,"height":681,"url":"https:\/\/www.djclegal.com\/wp-content\/uploads\/2022\/03\/DJC_Icone_Couleur.png","type":"image\/png"}],"twitter_card":"summary_large_image","twitter_misc":{"Est. reading time":"1 minute"},"schema":{"@context":"https:\/\/schema.org","@graph":[{"@type":"WebPage","@id":"https:\/\/www.djclegal.com\/en\/our-resources\/","url":"https:\/\/www.djclegal.com\/en\/our-resources\/","name":"Our resources - DJC Legal","isPartOf":{"@id":"https:\/\/www.djclegal.com\/#website"},"datePublished":"2021-02-24T14:36:15+00:00","dateModified":"2022-10-05T12:46:08+00:00","breadcrumb":{"@id":"https:\/\/www.djclegal.com\/en\/our-resources\/#breadcrumb"},"inLanguage":"en-US","potentialAction":[{"@type":"ReadAction","target":["https:\/\/www.djclegal.com\/en\/our-resources\/"]}]},{"@type":"BreadcrumbList","@id":"https:\/\/www.djclegal.com\/en\/our-resources\/#breadcrumb","itemListElement":[{"@type":"ListItem","position":1,"name":"Home","item":"https:\/\/www.djclegal.com\/en\/"},{"@type":"ListItem","position":2,"name":"Our resources"}]},{"@type":"WebSite","@id":"https:\/\/www.djclegal.com\/#website","url":"https:\/\/www.djclegal.com\/","name":"DJC Legal","description":"","publisher":{"@id":"https:\/\/www.djclegal.com\/#organization"},"potentialAction":[{"@type":"SearchAction","target":{"@type":"EntryPoint","urlTemplate":"https:\/\/www.djclegal.com\/?s={search_term_string}"},"query-input":"required name=search_term_string"}],"inLanguage":"en-US"},{"@type":"Organization","@id":"https:\/\/www.djclegal.com\/#organization","name":"DJC Legal","url":"https:\/\/www.djclegal.com\/","logo":{"@type":"ImageObject","inLanguage":"en-US","@id":"https:\/\/www.djclegal.com\/#\/schema\/logo\/image\/","url":"https:\/\/www.djclegal.com\/wp-content\/uploads\/2020\/11\/DJC-logo.png","contentUrl":"https:\/\/www.djclegal.com\/wp-content\/uploads\/2020\/11\/DJC-logo.png","width":280,"height":140,"caption":"DJC Legal"},"image":{"@id":"https:\/\/www.djclegal.com\/#\/schema\/logo\/image\/"}}]}},"_links":{"self":[{"href":"https:\/\/www.djclegal.com\/en\/wp-json\/wp\/v2\/pages\/3869"}],"collection":[{"href":"https:\/\/www.djclegal.com\/en\/wp-json\/wp\/v2\/pages"}],"about":[{"href":"https:\/\/www.djclegal.com\/en\/wp-json\/wp\/v2\/types\/page"}],"author":[{"embeddable":true,"href":"https:\/\/www.djclegal.com\/en\/wp-json\/wp\/v2\/users\/1"}],"replies":[{"embeddable":true,"href":"https:\/\/www.djclegal.com\/en\/wp-json\/wp\/v2\/comments?post=3869"}],"version-history":[{"count":21,"href":"https:\/\/www.djclegal.com\/en\/wp-json\/wp\/v2\/pages\/3869\/revisions"}],"predecessor-version":[{"id":8897,"href":"https:\/\/www.djclegal.com\/en\/wp-json\/wp\/v2\/pages\/3869\/revisions\/8897"}],"wp:attachment":[{"href":"https:\/\/www.djclegal.com\/en\/wp-json\/wp\/v2\/media?parent=3869"}],"curies":[{"name":"wp","href":"https:\/\/api.w.org\/{rel}","templated":true}]}}